{"id":22074,"date":"2022-06-14T08:04:57","date_gmt":"2022-06-14T08:04:57","guid":{"rendered":"https:\/\/zibadental.es\/?page_id=22074"},"modified":"2023-06-23T07:44:38","modified_gmt":"2023-06-23T07:44:38","slug":"exploracion-oral","status":"publish","type":"page","link":"https:\/\/zibadental.es\/en\/exploracion-oral\/","title":{"rendered":"Oral examination"},"content":{"rendered":"<div data-elementor-type=\"wp-page\" data-elementor-id=\"22074\" class=\"elementor elementor-22074\" data-elementor-post-type=\"page\">\n\t\t\t\t\t\t<section class=\"elementor-section elementor-top-section elementor-element elementor-element-3b125ed elementor-section-boxed elementor-section-height-default elementor-section-height-default sc_fly_static\" data-id=\"3b125ed\" data-element_type=\"section\" data-e-type=\"section\" data-settings=\"{&quot;background_background&quot;:&quot;classic&quot;}\">\n\t\t\t\t\t\t<div class=\"elementor-container elementor-column-gap-extended\">\n\t\t\t\t\t<div class=\"elementor-column elementor-col-50 elementor-top-column elementor-element elementor-element-dc71b39 sc_inner_width_none sc_content_align_inherit sc_layouts_column_icons_position_left sc_fly_static\" data-id=\"dc71b39\" data-element_type=\"column\" data-e-type=\"column\">\n\t\t\t<div class=\"elementor-widget-wrap elementor-element-populated\">\n\t\t\t\t\t\t<div class=\"elementor-element elementor-element-950b8ba sc_fly_static elementor-widget elementor-widget-trx_sc_title\" data-id=\"950b8ba\" data-element_type=\"widget\" data-e-type=\"widget\" data-widget_type=\"trx_sc_title.default\">\n\t\t\t\t<div class=\"elementor-widget-container\">\n\t\t\t\t\t<div\t\tclass=\"sc_title sc_title_accent\" ><h1 class=\"sc_item_title sc_title_title sc_item_title_style_accent sc_item_title_tag trx_addons_inline_984417580\"\n\t\t\t><span class=\"sc_item_title_text\">We check your mouth to detect and prevent any irregularity<\/span><\/h1><\/div>\t\t\t\t<\/div>\n\t\t\t\t<\/div>\n\t\t\t\t<div class=\"elementor-element elementor-element-bee50ca sc_fly_static elementor-widget elementor-widget-text-editor\" data-id=\"bee50ca\" data-element_type=\"widget\" data-e-type=\"widget\" data-widget_type=\"text-editor.default\">\n\t\t\t\t<div class=\"elementor-widget-container\">\n\t\t\t\t\t\t\t\t\t<p>At <strong>ZIBADENTAL<\/strong> we carry out an exhaustive intraoral and extraoral inspection to <strong>maintain adequate oral health.<\/strong> Through an intraoral camera you will be able to see your mouth live on a screen to understand your oral situation and help you improve it.<\/p><p>We meticulously check your mucosa, tongue, lips and neck, since dentists <strong>are the first to be able to detect possible oral injuries.<\/strong> Early detection is vital to increase the <strong>quality<\/strong> and <strong>survival<\/strong> of our patients.<\/p><p>We know first-hand the importance of oral check-ups and <strong>we want to encourage oral self-examination.<\/strong><\/p><p>Conservative <strong>Dra. Su\u00e1rez<\/strong> is in continuous training, in addition to having obtained a cum laude in her doctorate in<strong> \u201cETIOPATHOGENIC FACTORS OF ORAL CANCER\u201d<\/strong> and its publication related to oral cancer.<\/p>\t\t\t\t\t\t\t\t<\/div>\n\t\t\t\t<\/div>\n\t\t\t\t<div class=\"elementor-element elementor-element-a99f484 sc_fly_static elementor-widget elementor-widget-button\" data-id=\"a99f484\" data-element_type=\"widget\" data-e-type=\"widget\" data-widget_type=\"button.default\">\n\t\t\t\t<div class=\"elementor-widget-container\">\n\t\t\t\t\t\t\t\t\t<div class=\"elementor-button-wrapper\">\n\t\t\t\t\t<a class=\"elementor-button elementor-button-link elementor-size-md\" href=\"https:\/\/zibadental.es\/en\/contacto\/\">\n\t\t\t\t\t\t<span class=\"elementor-button-content-wrapper\">\n\t\t\t\t\t\t\t\t\t<span class=\"elementor-button-text\">I want my treatment<\/span>\n\t\t\t\t\t<\/span>\n\t\t\t\t\t<\/a>\n\t\t\t\t<\/div>\n\t\t\t\t\t\t\t\t<\/div>\n\t\t\t\t<\/div>\n\t\t\t\t\t<\/div>\n\t\t<\/div>\n\t\t\t\t<div class=\"elementor-column elementor-col-50 elementor-top-column elementor-element elementor-element-aa5bf09 sc_inner_width_none sc_content_align_inherit sc_layouts_column_icons_position_left sc_fly_static\" data-id=\"aa5bf09\" data-element_type=\"column\" data-e-type=\"column\">\n\t\t\t<div class=\"elementor-widget-wrap elementor-element-populated\">\n\t\t\t\t\t\t<div class=\"elementor-element elementor-element-b560f88 sc_fly_static elementor-widget elementor-widget-image\" data-id=\"b560f88\" data-element_type=\"widget\" data-e-type=\"widget\" data-widget_type=\"image.default\">\n\t\t\t\t<div class=\"elementor-widget-container\">\n\t\t\t\t\t\t\t\t\t\t\t\t\t\t\t<img fetchpriority=\"high\" decoding=\"async\" width=\"1080\" height=\"1080\" src=\"https:\/\/zibadental.es\/wp-content\/uploads\/2022\/07\/ZIBADENTAL-POST-7.png\" class=\"attachment-full size-full wp-image-23497\" alt=\"Exploraci\u00f3n Oral Zibadental en Orihuela Costa\" srcset=\"https:\/\/zibadental.es\/wp-content\/uploads\/2022\/07\/ZIBADENTAL-POST-7.png 1080w, https:\/\/zibadental.es\/wp-content\/uploads\/2022\/07\/ZIBADENTAL-POST-7-300x300.png 300w, https:\/\/zibadental.es\/wp-content\/uploads\/2022\/07\/ZIBADENTAL-POST-7-1024x1024.png 1024w, https:\/\/zibadental.es\/wp-content\/uploads\/2022\/07\/ZIBADENTAL-POST-7-150x150.png 150w, https:\/\/zibadental.es\/wp-content\/uploads\/2022\/07\/ZIBADENTAL-POST-7-768x768.png 768w, https:\/\/zibadental.es\/wp-content\/uploads\/2022\/07\/ZIBADENTAL-POST-7-370x370.png 370w, https:\/\/zibadental.es\/wp-content\/uploads\/2022\/07\/ZIBADENTAL-POST-7-120x120.png 120w, https:\/\/zibadental.es\/wp-content\/uploads\/2022\/07\/ZIBADENTAL-POST-7-840x840.png 840w, https:\/\/zibadental.es\/wp-content\/uploads\/2022\/07\/ZIBADENTAL-POST-7-410x410.png 410w, https:\/\/zibadental.es\/wp-content\/uploads\/2022\/07\/ZIBADENTAL-POST-7-600x600.png 600w\" sizes=\"(max-width: 1080px) 100vw, 1080px\" \/>\t\t\t\t\t\t\t\t\t\t\t\t\t\t\t<\/div>\n\t\t\t\t<\/div>\n\t\t\t\t\t<\/div>\n\t\t<\/div>\n\t\t\t\t\t<\/div>\n\t\t<\/section>\n\t\t\t\t<section class=\"elementor-section elementor-top-section elementor-element elementor-element-25c9a31 elementor-section-boxed elementor-section-height-default elementor-section-height-default sc_fly_static\" data-id=\"25c9a31\" data-element_type=\"section\" data-e-type=\"section\">\n\t\t\t\t\t\t<div class=\"elementor-container elementor-column-gap-extended\">\n\t\t\t\t\t<div class=\"elementor-column elementor-col-100 elementor-top-column elementor-element elementor-element-dc5d8ce sc_inner_width_none sc_content_align_inherit sc_layouts_column_icons_position_left sc_fly_static\" data-id=\"dc5d8ce\" data-element_type=\"column\" data-e-type=\"column\">\n\t\t\t<div class=\"elementor-widget-wrap elementor-element-populated\">\n\t\t\t\t\t\t<div class=\"elementor-element elementor-element-dc0b45a sc_height_medium sc_fly_static elementor-widget elementor-widget-spacer\" data-id=\"dc0b45a\" data-element_type=\"widget\" data-e-type=\"widget\" data-widget_type=\"spacer.default\">\n\t\t\t\t<div class=\"elementor-widget-container\">\n\t\t\t\t\t\t\t<div class=\"elementor-spacer\">\n\t\t\t<div class=\"elementor-spacer-inner\"><\/div>\n\t\t<\/div>\n\t\t\t\t\t\t<\/div>\n\t\t\t\t<\/div>\n\t\t\t\t<div class=\"elementor-element elementor-element-acacf78 sc_fly_static elementor-widget elementor-widget-heading\" data-id=\"acacf78\" data-element_type=\"widget\" data-e-type=\"widget\" data-widget_type=\"heading.default\">\n\t\t\t\t<div class=\"elementor-widget-container\">\n\t\t\t\t\t<h3 class=\"elementor-heading-title elementor-size-default\">Request information<\/h3>\t\t\t\t<\/div>\n\t\t\t\t<\/div>\n\t\t\t\t<div class=\"elementor-element elementor-element-1c630bc elementor-button-align-start sc_fly_static elementor-widget elementor-widget-form\" data-id=\"1c630bc\" data-element_type=\"widget\" data-e-type=\"widget\" data-settings=\"{&quot;step_next_label&quot;:&quot;Anterior&quot;,&quot;step_previous_label&quot;:&quot;Previo&quot;,&quot;button_width&quot;:&quot;100&quot;,&quot;step_type&quot;:&quot;number_text&quot;,&quot;step_icon_shape&quot;:&quot;circle&quot;}\" data-widget_type=\"form.default\">\n\t\t\t\t<div class=\"elementor-widget-container\">\n\t\t\t\t\t\t\t<form class=\"elementor-form\" method=\"post\" name=\"Formulario de contacto\" aria-label=\"Formulario de contacto\" action=\"\">\n\t\t\t<input type=\"hidden\" name=\"post_id\" value=\"22074\"\/>\n\t\t\t<input type=\"hidden\" name=\"form_id\" value=\"1c630bc\"\/>\n\t\t\t<input type=\"hidden\" name=\"referer_title\" value=\"Exploraci\u00f3n Oral - Zibadental\" \/>\n\n\t\t\t\t\t\t\t<input type=\"hidden\" name=\"queried_id\" value=\"22074\"\/>\n\t\t\t\n\t\t\t<div class=\"elementor-form-fields-wrapper elementor-labels-above\">\n\t\t\t\t\t\t\t\t<div class=\"elementor-field-type-text elementor-field-group elementor-column elementor-field-group-name elementor-col-50 elementor-field-required\">\n\t\t\t\t\t\t\t\t\t\t\t\t<label for=\"form-field-name\" class=\"elementor-field-label\">\n\t\t\t\t\t\t\t\tName\t\t\t\t\t\t\t<\/label>\n\t\t\t\t\t\t\t\t\t\t\t\t\t\t<input size=\"1\" type=\"text\" name=\"form_fields[name]\" id=\"form-field-name\" class=\"elementor-field elementor-size-sm  elementor-field-textual\" placeholder=\" Name\" required=\"required\">\n\t\t\t\t\t\t\t\t\t\t\t<\/div>\n\t\t\t\t\t\t\t\t<div class=\"elementor-field-type-email elementor-field-group elementor-column elementor-field-group-email elementor-col-50 elementor-field-required\">\n\t\t\t\t\t\t\t\t\t\t\t\t<label for=\"form-field-email\" class=\"elementor-field-label\">\n\t\t\t\t\t\t\t\tEmail\t\t\t\t\t\t\t<\/label>\n\t\t\t\t\t\t\t\t\t\t\t\t\t\t<input size=\"1\" type=\"email\" name=\"form_fields[email]\" id=\"form-field-email\" class=\"elementor-field elementor-size-sm  elementor-field-textual\" placeholder=\" Email\" required=\"required\">\n\t\t\t\t\t\t\t\t\t\t\t<\/div>\n\t\t\t\t\t\t\t\t<div class=\"elementor-field-type-tel elementor-field-group elementor-column elementor-field-group-field_13b6034 elementor-col-100 elementor-field-required\">\n\t\t\t\t\t\t\t\t\t\t\t\t<label for=\"form-field-field_13b6034\" class=\"elementor-field-label\">\n\t\t\t\t\t\t\t\tPhone\t\t\t\t\t\t\t<\/label>\n\t\t\t\t\t\t\t\t<input size=\"1\" type=\"tel\" name=\"form_fields[field_13b6034]\" id=\"form-field-field_13b6034\" class=\"elementor-field elementor-size-sm  elementor-field-textual\" placeholder=\" Phone\" required=\"required\" pattern=\"[0-9()#&amp;+*-=.]+\" title=\"Only numbers and phone characters (#, -, *, etc) are accepted.\">\n\n\t\t\t\t\t\t<\/div>\n\t\t\t\t\t\t\t\t<div class=\"elementor-field-type-text\">\n\t\t\t\t\t<input size=\"1\" type=\"text\" name=\"form_fields[field_047c1d8]\" id=\"form-field-field_047c1d8\" class=\"elementor-field elementor-size-sm\" style=\"display:none !important;\">\t\t\t\t<\/div>\n\t\t\t\t\t\t\t\t<div class=\"elementor-field-type-textarea elementor-field-group elementor-column elementor-field-group-message elementor-col-100 elementor-field-required\">\n\t\t\t\t\t\t\t\t\t\t\t\t<label for=\"form-field-message\" class=\"elementor-field-label\">\n\t\t\t\t\t\t\t\tMake an appointment\t\t\t\t\t\t\t<\/label>\n\t\t\t\t\t\t<textarea class=\"elementor-field-textual elementor-field  elementor-size-sm\" name=\"form_fields[message]\" id=\"form-field-message\" rows=\"4\" placeholder=\"How we can help?\" required=\"required\"><\/textarea>\t\t\t\t<\/div>\n\t\t\t\t\t\t\t\t<div class=\"elementor-field-type-acceptance elementor-field-group elementor-column elementor-field-group-field_2637a45 elementor-col-100 elementor-field-required\">\n\t\t\t\t\t\t\t<div class=\"elementor-field-subgroup\">\n\t\t\t<span class=\"elementor-field-option\">\n\t\t\t\t<input type=\"checkbox\" name=\"form_fields[field_2637a45]\" id=\"form-field-field_2637a45\" class=\"elementor-field elementor-size-sm  elementor-acceptance-field\" required=\"required\">\n\t\t\t\t<label for=\"form-field-field_2637a45\">I have read and accept the <a href=\"https:\/\/zibadental.es\/en\/politica-de-privacidad\/\" target=\"_blank\">Privacy Policy. <\/a><\/label>\t\t\t<\/span>\n\t\t<\/div>\n\t\t\t\t\t\t<\/div>\n\t\t\t\t\t\t\t\t<div class=\"elementor-field-type-recaptcha_v3 elementor-field-group elementor-column elementor-field-group-field_0cb8c72 elementor-col-100 recaptcha_v3-inline\">\n\t\t\t\t\t<div class=\"elementor-field\" id=\"form-field-field_0cb8c72\"><div class=\"elementor-g-recaptcha\" data-sitekey=\"6LfQPigsAAAAAJ2xwwmKxTJQGYEYRTEXlhC0zaLn\" data-type=\"v3\" data-action=\"Form\" data-badge=\"inline\" data-size=\"invisible\"><\/div><\/div>\t\t\t\t<\/div>\n\t\t\t\t\t\t\t\t<div class=\"elementor-field-group elementor-column elementor-field-type-submit elementor-col-100 e-form__buttons\">\n\t\t\t\t\t<button class=\"elementor-button elementor-size-sm elementor-animation-grow\" type=\"submit\">\n\t\t\t\t\t\t<span class=\"elementor-button-content-wrapper\">\n\t\t\t\t\t\t\t\t\t\t\t\t\t\t\t\t\t\t\t\t\t\t<span class=\"elementor-button-text\">Submit<\/span>\n\t\t\t\t\t\t\t\t\t\t\t\t\t<\/span>\n\t\t\t\t\t<\/button>\n\t\t\t\t<\/div>\n\t\t\t<\/div>\n\t\t<input type=\"hidden\" name=\"trp-form-language\" value=\"en\"\/><\/form>\n\t\t\t\t\t\t<\/div>\n\t\t\t\t<\/div>\n\t\t\t\t\t<\/div>\n\t\t<\/div>\n\t\t\t\t\t<\/div>\n\t\t<\/section>\n\t\t\t\t<\/div>","protected":false},"excerpt":{"rendered":"<p>Revisamos tu boca para detectar cualquier anomal\u00eda y prevenirla En ZIBADENTAL te realizamos una inspecci\u00f3n intraoral y extraoral exhaustiva para mantener una salud oral adecuada. A trav\u00e9s de una c\u00e1mara&hellip;<\/p>","protected":false},"author":1,"featured_media":0,"parent":0,"menu_order":0,"comment_status":"closed","ping_status":"closed","template":"","meta":{"_monsterinsights_skip_tracking":false,"_monsterinsights_sitenote_active":false,"_monsterinsights_sitenote_note":"","_monsterinsights_sitenote_category":0,"footnotes":""},"class_list":["post-22074","page","type-page","status-publish","hentry"],"yoast_head":"<!-- This site is optimized with the Yoast SEO plugin v26.5 - https:\/\/yoast.com\/wordpress\/plugins\/seo\/ -->\n<title>Exploraci\u00f3n Oral - Zibadental<\/title>\n<meta name=\"description\" content=\"En Zibadental te realizamos una inspecci\u00f3n oral y extraoral exhaustiva para mantener una salud oral adecuada poder ayudarte mejor.\" \/>\n<meta name=\"robots\" content=\"index, follow, max-snippet:-1, max-image-preview:large, max-video-preview:-1\" \/>\n<link rel=\"canonical\" href=\"https:\/\/zibadental.es\/en\/exploracion-oral\/\" \/>\n<meta property=\"og:locale\" content=\"en_GB\" \/>\n<meta property=\"og:type\" content=\"article\" \/>\n<meta property=\"og:title\" content=\"Exploraci\u00f3n Oral - Zibadental\" \/>\n<meta property=\"og:description\" content=\"En Zibadental te realizamos una inspecci\u00f3n oral y extraoral exhaustiva para mantener una salud oral adecuada poder ayudarte mejor.\" \/>\n<meta property=\"og:url\" content=\"https:\/\/zibadental.es\/en\/exploracion-oral\/\" \/>\n<meta property=\"og:site_name\" content=\"Zibadental\" \/>\n<meta property=\"article:publisher\" content=\"https:\/\/www.facebook.com\/p\/ZIBA-DENTAL-100076455400852\/\" \/>\n<meta property=\"article:modified_time\" content=\"2023-06-23T07:44:38+00:00\" \/>\n<meta property=\"og:image\" content=\"https:\/\/zibadental.es\/wp-content\/uploads\/2022\/07\/ZIBADENTAL-POST-7.png\" \/>\n<meta name=\"twitter:card\" content=\"summary_large_image\" \/>\n<meta name=\"twitter:label1\" content=\"Estimated reading time\" \/>\n\t<meta name=\"twitter:data1\" content=\"1 minute\" \/>\n<script type=\"application\/ld+json\" class=\"yoast-schema-graph\">{\"@context\":\"https:\/\/schema.org\",\"@graph\":[{\"@type\":\"WebPage\",\"@id\":\"https:\/\/zibadental.es\/exploracion-oral\/\",\"url\":\"https:\/\/zibadental.es\/exploracion-oral\/\",\"name\":\"Exploraci\u00f3n Oral - Zibadental\",\"isPartOf\":{\"@id\":\"https:\/\/zibadental.es\/#website\"},\"primaryImageOfPage\":{\"@id\":\"https:\/\/zibadental.es\/exploracion-oral\/#primaryimage\"},\"image\":{\"@id\":\"https:\/\/zibadental.es\/exploracion-oral\/#primaryimage\"},\"thumbnailUrl\":\"https:\/\/zibadental.es\/wp-content\/uploads\/2022\/07\/ZIBADENTAL-POST-7.png\",\"datePublished\":\"2022-06-14T08:04:57+00:00\",\"dateModified\":\"2023-06-23T07:44:38+00:00\",\"description\":\"En Zibadental te realizamos una inspecci\u00f3n oral y extraoral exhaustiva para mantener una salud oral adecuada poder ayudarte mejor.\",\"breadcrumb\":{\"@id\":\"https:\/\/zibadental.es\/exploracion-oral\/#breadcrumb\"},\"inLanguage\":\"en-GB\",\"potentialAction\":[{\"@type\":\"ReadAction\",\"target\":[\"https:\/\/zibadental.es\/exploracion-oral\/\"]}]},{\"@type\":\"ImageObject\",\"inLanguage\":\"en-GB\",\"@id\":\"https:\/\/zibadental.es\/exploracion-oral\/#primaryimage\",\"url\":\"https:\/\/zibadental.es\/wp-content\/uploads\/2022\/07\/ZIBADENTAL-POST-7.png\",\"contentUrl\":\"https:\/\/zibadental.es\/wp-content\/uploads\/2022\/07\/ZIBADENTAL-POST-7.png\"},{\"@type\":\"BreadcrumbList\",\"@id\":\"https:\/\/zibadental.es\/exploracion-oral\/#breadcrumb\",\"itemListElement\":[{\"@type\":\"ListItem\",\"position\":1,\"name\":\"Portada\",\"item\":\"https:\/\/zibadental.es\/\"},{\"@type\":\"ListItem\",\"position\":2,\"name\":\"Exploraci\u00f3n Oral\"}]},{\"@type\":\"WebSite\",\"@id\":\"https:\/\/zibadental.es\/#website\",\"url\":\"https:\/\/zibadental.es\/\",\"name\":\"Zibadental\",\"description\":\"Nos encargamos de proporcionarte una sonrisa perfecta\",\"publisher\":{\"@id\":\"https:\/\/zibadental.es\/#organization\"},\"potentialAction\":[{\"@type\":\"SearchAction\",\"target\":{\"@type\":\"EntryPoint\",\"urlTemplate\":\"https:\/\/zibadental.es\/?s={search_term_string}\"},\"query-input\":{\"@type\":\"PropertyValueSpecification\",\"valueRequired\":true,\"valueName\":\"search_term_string\"}}],\"inLanguage\":\"en-GB\"},{\"@type\":\"Organization\",\"@id\":\"https:\/\/zibadental.es\/#organization\",\"name\":\"Zibadental\",\"url\":\"https:\/\/zibadental.es\/\",\"logo\":{\"@type\":\"ImageObject\",\"inLanguage\":\"en-GB\",\"@id\":\"https:\/\/zibadental.es\/#\/schema\/logo\/image\/\",\"url\":\"https:\/\/zibadental.es\/wp-content\/uploads\/2022\/06\/cropped-Logotipo-Zibadental.jpg\",\"contentUrl\":\"https:\/\/zibadental.es\/wp-content\/uploads\/2022\/06\/cropped-Logotipo-Zibadental.jpg\",\"width\":1200,\"height\":288,\"caption\":\"Zibadental\"},\"image\":{\"@id\":\"https:\/\/zibadental.es\/#\/schema\/logo\/image\/\"},\"sameAs\":[\"https:\/\/www.facebook.com\/p\/ZIBA-DENTAL-100076455400852\/\",\"https:\/\/www.instagram.com\/zibadental_zenia\/\"]}]}<\/script>\n<!-- \/ Yoast SEO plugin. -->","yoast_head_json":{"title":"Exploraci\u00f3n Oral - Zibadental","description":"En Zibadental te realizamos una inspecci\u00f3n oral y extraoral exhaustiva para mantener una salud oral adecuada poder ayudarte mejor.","robots":{"index":"index","follow":"follow","max-snippet":"max-snippet:-1","max-image-preview":"max-image-preview:large","max-video-preview":"max-video-preview:-1"},"canonical":"https:\/\/zibadental.es\/en\/exploracion-oral\/","og_locale":"en_GB","og_type":"article","og_title":"Exploraci\u00f3n Oral - Zibadental","og_description":"En Zibadental te realizamos una inspecci\u00f3n oral y extraoral exhaustiva para mantener una salud oral adecuada poder ayudarte mejor.","og_url":"https:\/\/zibadental.es\/en\/exploracion-oral\/","og_site_name":"Zibadental","article_publisher":"https:\/\/www.facebook.com\/p\/ZIBA-DENTAL-100076455400852\/","article_modified_time":"2023-06-23T07:44:38+00:00","og_image":[{"url":"https:\/\/zibadental.es\/wp-content\/uploads\/2022\/07\/ZIBADENTAL-POST-7.png","type":"","width":"","height":""}],"twitter_card":"summary_large_image","twitter_misc":{"Estimated reading time":"1 minute"},"schema":{"@context":"https:\/\/schema.org","@graph":[{"@type":"WebPage","@id":"https:\/\/zibadental.es\/exploracion-oral\/","url":"https:\/\/zibadental.es\/exploracion-oral\/","name":"Exploraci\u00f3n Oral - Zibadental","isPartOf":{"@id":"https:\/\/zibadental.es\/#website"},"primaryImageOfPage":{"@id":"https:\/\/zibadental.es\/exploracion-oral\/#primaryimage"},"image":{"@id":"https:\/\/zibadental.es\/exploracion-oral\/#primaryimage"},"thumbnailUrl":"https:\/\/zibadental.es\/wp-content\/uploads\/2022\/07\/ZIBADENTAL-POST-7.png","datePublished":"2022-06-14T08:04:57+00:00","dateModified":"2023-06-23T07:44:38+00:00","description":"En Zibadental te realizamos una inspecci\u00f3n oral y extraoral exhaustiva para mantener una salud oral adecuada poder ayudarte mejor.","breadcrumb":{"@id":"https:\/\/zibadental.es\/exploracion-oral\/#breadcrumb"},"inLanguage":"en-GB","potentialAction":[{"@type":"ReadAction","target":["https:\/\/zibadental.es\/exploracion-oral\/"]}]},{"@type":"ImageObject","inLanguage":"en-GB","@id":"https:\/\/zibadental.es\/exploracion-oral\/#primaryimage","url":"https:\/\/zibadental.es\/wp-content\/uploads\/2022\/07\/ZIBADENTAL-POST-7.png","contentUrl":"https:\/\/zibadental.es\/wp-content\/uploads\/2022\/07\/ZIBADENTAL-POST-7.png"},{"@type":"BreadcrumbList","@id":"https:\/\/zibadental.es\/exploracion-oral\/#breadcrumb","itemListElement":[{"@type":"ListItem","position":1,"name":"Portada","item":"https:\/\/zibadental.es\/"},{"@type":"ListItem","position":2,"name":"Exploraci\u00f3n Oral"}]},{"@type":"WebSite","@id":"https:\/\/zibadental.es\/#website","url":"https:\/\/zibadental.es\/","name":"Zibadental","description":"Nos encargamos de proporcionarte una sonrisa perfecta","publisher":{"@id":"https:\/\/zibadental.es\/#organization"},"potentialAction":[{"@type":"SearchAction","target":{"@type":"EntryPoint","urlTemplate":"https:\/\/zibadental.es\/?s={search_term_string}"},"query-input":{"@type":"PropertyValueSpecification","valueRequired":true,"valueName":"search_term_string"}}],"inLanguage":"en-GB"},{"@type":"Organization","@id":"https:\/\/zibadental.es\/#organization","name":"Zibadental","url":"https:\/\/zibadental.es\/","logo":{"@type":"ImageObject","inLanguage":"en-GB","@id":"https:\/\/zibadental.es\/#\/schema\/logo\/image\/","url":"https:\/\/zibadental.es\/wp-content\/uploads\/2022\/06\/cropped-Logotipo-Zibadental.jpg","contentUrl":"https:\/\/zibadental.es\/wp-content\/uploads\/2022\/06\/cropped-Logotipo-Zibadental.jpg","width":1200,"height":288,"caption":"Zibadental"},"image":{"@id":"https:\/\/zibadental.es\/#\/schema\/logo\/image\/"},"sameAs":["https:\/\/www.facebook.com\/p\/ZIBA-DENTAL-100076455400852\/","https:\/\/www.instagram.com\/zibadental_zenia\/"]}]}},"_links":{"self":[{"href":"https:\/\/zibadental.es\/en\/wp-json\/wp\/v2\/pages\/22074","targetHints":{"allow":["GET"]}}],"collection":[{"href":"https:\/\/zibadental.es\/en\/wp-json\/wp\/v2\/pages"}],"about":[{"href":"https:\/\/zibadental.es\/en\/wp-json\/wp\/v2\/types\/page"}],"author":[{"embeddable":true,"href":"https:\/\/zibadental.es\/en\/wp-json\/wp\/v2\/users\/1"}],"replies":[{"embeddable":true,"href":"https:\/\/zibadental.es\/en\/wp-json\/wp\/v2\/comments?post=22074"}],"version-history":[{"count":59,"href":"https:\/\/zibadental.es\/en\/wp-json\/wp\/v2\/pages\/22074\/revisions"}],"predecessor-version":[{"id":24716,"href":"https:\/\/zibadental.es\/en\/wp-json\/wp\/v2\/pages\/22074\/revisions\/24716"}],"wp:attachment":[{"href":"https:\/\/zibadental.es\/en\/wp-json\/wp\/v2\/media?parent=22074"}],"curies":[{"name":"wp","href":"https:\/\/api.w.org\/{rel}","templated":true}]}}