{"id":22106,"date":"2022-06-14T09:11:27","date_gmt":"2022-06-14T09:11:27","guid":{"rendered":"https:\/\/zibadental.es\/?page_id=22106"},"modified":"2023-06-23T07:44:47","modified_gmt":"2023-06-23T07:44:47","slug":"logopedia","status":"publish","type":"page","link":"https:\/\/zibadental.es\/en\/logopedia\/","title":{"rendered":"Speech therapy"},"content":{"rendered":"<div data-elementor-type=\"wp-page\" data-elementor-id=\"22106\" class=\"elementor elementor-22106\" data-elementor-post-type=\"page\">\n\t\t\t\t\t\t<section class=\"elementor-section elementor-top-section elementor-element elementor-element-3b125ed elementor-section-boxed elementor-section-height-default elementor-section-height-default sc_fly_static\" data-id=\"3b125ed\" data-element_type=\"section\" data-e-type=\"section\" data-settings=\"{&quot;background_background&quot;:&quot;classic&quot;}\">\n\t\t\t\t\t\t<div class=\"elementor-container elementor-column-gap-extended\">\n\t\t\t\t\t<div class=\"elementor-column elementor-col-50 elementor-top-column elementor-element elementor-element-dc71b39 sc_inner_width_none sc_content_align_inherit sc_layouts_column_icons_position_left sc_fly_static\" data-id=\"dc71b39\" data-element_type=\"column\" data-e-type=\"column\">\n\t\t\t<div class=\"elementor-widget-wrap elementor-element-populated\">\n\t\t\t\t\t\t<div class=\"elementor-element elementor-element-950b8ba sc_fly_static elementor-widget elementor-widget-trx_sc_title\" data-id=\"950b8ba\" data-element_type=\"widget\" data-e-type=\"widget\" data-widget_type=\"trx_sc_title.default\">\n\t\t\t\t<div class=\"elementor-widget-container\">\n\t\t\t\t\t<div\t\tclass=\"sc_title sc_title_accent\" ><h1 class=\"sc_item_title sc_title_title sc_item_title_style_accent sc_item_title_tag trx_addons_inline_350674726\"\n\t\t\t><span class=\"sc_item_title_text\">We prevent, evaluate, diagnose and treat orofacial functional disorders<\/span><\/h1><\/div>\t\t\t\t<\/div>\n\t\t\t\t<\/div>\n\t\t\t\t<div class=\"elementor-element elementor-element-bee50ca sc_fly_static elementor-widget elementor-widget-text-editor\" data-id=\"bee50ca\" data-element_type=\"widget\" data-e-type=\"widget\" data-widget_type=\"text-editor.default\">\n\t\t\t\t<div class=\"elementor-widget-container\">\n\t\t\t\t\t\t\t\t\t<p>Conservative <strong>Myofunctional Therapy<\/strong>, is one of the specialization areas of <strong>Speech therapy<\/strong> and is oriented <strong>towards research, prevention, evaluation, diagnosis and treatment<\/strong> of pathologies related to functional and neuromuscular imbalances of the Stomatognathic System in children and adults.<\/p><p>We intend to offer a comprehensive patient health <strong>service<\/strong> from a holistic perspective with the aim of re-educating behaviors, skeletal patterns and orofacial muscular and functional imbalances of the patient.<\/p><p>This type of treatment is carried out simultaneously with the dental intervention to guarantee the success of the results and avoid possible re occurrences that could be caused by incorrect functionality at an orofacial level.<\/p>\t\t\t\t\t\t\t\t<\/div>\n\t\t\t\t<\/div>\n\t\t\t\t<div class=\"elementor-element elementor-element-a71073c sc_fly_static elementor-widget elementor-widget-button\" data-id=\"a71073c\" data-element_type=\"widget\" data-e-type=\"widget\" data-widget_type=\"button.default\">\n\t\t\t\t<div class=\"elementor-widget-container\">\n\t\t\t\t\t\t\t\t\t<div class=\"elementor-button-wrapper\">\n\t\t\t\t\t<a class=\"elementor-button elementor-button-link elementor-size-md\" href=\"https:\/\/zibadental.es\/en\/contacto\/\">\n\t\t\t\t\t\t<span class=\"elementor-button-content-wrapper\">\n\t\t\t\t\t\t\t\t\t<span class=\"elementor-button-text\">I want my treatment<\/span>\n\t\t\t\t\t<\/span>\n\t\t\t\t\t<\/a>\n\t\t\t\t<\/div>\n\t\t\t\t\t\t\t\t<\/div>\n\t\t\t\t<\/div>\n\t\t\t\t\t<\/div>\n\t\t<\/div>\n\t\t\t\t<div class=\"elementor-column elementor-col-50 elementor-top-column elementor-element elementor-element-aa5bf09 sc_inner_width_none sc_content_align_inherit sc_layouts_column_icons_position_left sc_fly_static\" data-id=\"aa5bf09\" data-element_type=\"column\" data-e-type=\"column\">\n\t\t\t<div class=\"elementor-widget-wrap elementor-element-populated\">\n\t\t\t\t\t\t<div class=\"elementor-element elementor-element-34ea21b sc_fly_static elementor-widget elementor-widget-image\" data-id=\"34ea21b\" data-element_type=\"widget\" data-e-type=\"widget\" data-widget_type=\"image.default\">\n\t\t\t\t<div class=\"elementor-widget-container\">\n\t\t\t\t\t\t\t\t\t\t\t\t\t\t\t<img fetchpriority=\"high\" decoding=\"async\" width=\"768\" height=\"1024\" src=\"https:\/\/zibadental.es\/wp-content\/uploads\/2022\/07\/DSCN8253-768x1024.jpg\" class=\"attachment-large size-large wp-image-23624\" alt=\"\" srcset=\"https:\/\/zibadental.es\/wp-content\/uploads\/2022\/07\/DSCN8253-768x1024.jpg 768w, https:\/\/zibadental.es\/wp-content\/uploads\/2022\/07\/DSCN8253-225x300.jpg 225w, https:\/\/zibadental.es\/wp-content\/uploads\/2022\/07\/DSCN8253-1152x1536.jpg 1152w, https:\/\/zibadental.es\/wp-content\/uploads\/2022\/07\/DSCN8253-1536x2048.jpg 1536w, https:\/\/zibadental.es\/wp-content\/uploads\/2022\/07\/DSCN8253-370x493.jpg 370w, https:\/\/zibadental.es\/wp-content\/uploads\/2022\/07\/DSCN8253-840x1120.jpg 840w, https:\/\/zibadental.es\/wp-content\/uploads\/2022\/07\/DSCN8253-410x547.jpg 410w, https:\/\/zibadental.es\/wp-content\/uploads\/2022\/07\/DSCN8253-600x800.jpg 600w, https:\/\/zibadental.es\/wp-content\/uploads\/2022\/07\/DSCN8253-scaled.jpg 1920w\" sizes=\"(max-width: 768px) 100vw, 768px\" \/>\t\t\t\t\t\t\t\t\t\t\t\t\t\t\t<\/div>\n\t\t\t\t<\/div>\n\t\t\t\t\t<\/div>\n\t\t<\/div>\n\t\t\t\t\t<\/div>\n\t\t<\/section>\n\t\t\t\t<section class=\"elementor-section elementor-top-section elementor-element elementor-element-4cf3338 elementor-section-boxed elementor-section-height-default elementor-section-height-default sc_fly_static\" data-id=\"4cf3338\" data-element_type=\"section\" data-e-type=\"section\" data-settings=\"{&quot;background_background&quot;:&quot;classic&quot;}\">\n\t\t\t\t\t\t<div class=\"elementor-container elementor-column-gap-extended\">\n\t\t\t\t\t<div class=\"elementor-column elementor-col-100 elementor-top-column elementor-element elementor-element-8903a00 sc_inner_width_none sc_content_align_inherit sc_layouts_column_icons_position_left sc_fly_static\" data-id=\"8903a00\" data-element_type=\"column\" data-e-type=\"column\">\n\t\t\t<div class=\"elementor-widget-wrap elementor-element-populated\">\n\t\t\t\t\t\t<div class=\"elementor-element elementor-element-83fc22f sc_height_medium sc_fly_static elementor-widget elementor-widget-spacer\" data-id=\"83fc22f\" data-element_type=\"widget\" data-e-type=\"widget\" data-widget_type=\"spacer.default\">\n\t\t\t\t<div class=\"elementor-widget-container\">\n\t\t\t\t\t\t\t<div class=\"elementor-spacer\">\n\t\t\t<div class=\"elementor-spacer-inner\"><\/div>\n\t\t<\/div>\n\t\t\t\t\t\t<\/div>\n\t\t\t\t<\/div>\n\t\t\t\t\t<\/div>\n\t\t<\/div>\n\t\t\t\t\t<\/div>\n\t\t<\/section>\n\t\t\t\t<section class=\"elementor-section elementor-top-section elementor-element elementor-element-ed0306a elementor-section-boxed elementor-section-height-default elementor-section-height-default sc_fly_static\" data-id=\"ed0306a\" data-element_type=\"section\" data-e-type=\"section\">\n\t\t\t\t\t\t<div class=\"elementor-container elementor-column-gap-extended\">\n\t\t\t\t\t<div class=\"elementor-column elementor-col-100 elementor-top-column elementor-element elementor-element-f2552a9 sc_inner_width_none sc_content_align_inherit sc_layouts_column_icons_position_left sc_fly_static\" data-id=\"f2552a9\" data-element_type=\"column\" data-e-type=\"column\">\n\t\t\t<div class=\"elementor-widget-wrap elementor-element-populated\">\n\t\t\t\t\t\t<div class=\"elementor-element elementor-element-a885096 sc_fly_static elementor-widget elementor-widget-heading\" data-id=\"a885096\" data-element_type=\"widget\" data-e-type=\"widget\" data-widget_type=\"heading.default\">\n\t\t\t\t<div class=\"elementor-widget-container\">\n\t\t\t\t\t<h3 class=\"elementor-heading-title elementor-size-default\">Request information<\/h3>\t\t\t\t<\/div>\n\t\t\t\t<\/div>\n\t\t\t\t<div class=\"elementor-element elementor-element-1bc3500 elementor-button-align-start sc_fly_static elementor-widget elementor-widget-form\" data-id=\"1bc3500\" data-element_type=\"widget\" data-e-type=\"widget\" data-settings=\"{&quot;step_next_label&quot;:&quot;Anterior&quot;,&quot;step_previous_label&quot;:&quot;Previo&quot;,&quot;button_width&quot;:&quot;100&quot;,&quot;step_type&quot;:&quot;number_text&quot;,&quot;step_icon_shape&quot;:&quot;circle&quot;}\" data-widget_type=\"form.default\">\n\t\t\t\t<div class=\"elementor-widget-container\">\n\t\t\t\t\t\t\t<form class=\"elementor-form\" method=\"post\" name=\"Formulario de contacto\" aria-label=\"Formulario de contacto\" action=\"\">\n\t\t\t<input type=\"hidden\" name=\"post_id\" value=\"22106\"\/>\n\t\t\t<input type=\"hidden\" name=\"form_id\" value=\"1bc3500\"\/>\n\t\t\t<input type=\"hidden\" name=\"referer_title\" value=\"Logopedia - Zibadental\" \/>\n\n\t\t\t\t\t\t\t<input type=\"hidden\" name=\"queried_id\" value=\"22106\"\/>\n\t\t\t\n\t\t\t<div class=\"elementor-form-fields-wrapper elementor-labels-above\">\n\t\t\t\t\t\t\t\t<div class=\"elementor-field-type-text elementor-field-group elementor-column elementor-field-group-name elementor-col-50 elementor-field-required\">\n\t\t\t\t\t\t\t\t\t\t\t\t<label for=\"form-field-name\" class=\"elementor-field-label\">\n\t\t\t\t\t\t\t\tName\t\t\t\t\t\t\t<\/label>\n\t\t\t\t\t\t\t\t\t\t\t\t\t\t<input size=\"1\" type=\"text\" name=\"form_fields[name]\" id=\"form-field-name\" class=\"elementor-field elementor-size-sm  elementor-field-textual\" placeholder=\" Name\" required=\"required\">\n\t\t\t\t\t\t\t\t\t\t\t<\/div>\n\t\t\t\t\t\t\t\t<div class=\"elementor-field-type-email elementor-field-group elementor-column elementor-field-group-email elementor-col-50 elementor-field-required\">\n\t\t\t\t\t\t\t\t\t\t\t\t<label for=\"form-field-email\" class=\"elementor-field-label\">\n\t\t\t\t\t\t\t\tEmail\t\t\t\t\t\t\t<\/label>\n\t\t\t\t\t\t\t\t\t\t\t\t\t\t<input size=\"1\" type=\"email\" name=\"form_fields[email]\" id=\"form-field-email\" class=\"elementor-field elementor-size-sm  elementor-field-textual\" placeholder=\" Email\" required=\"required\">\n\t\t\t\t\t\t\t\t\t\t\t<\/div>\n\t\t\t\t\t\t\t\t<div class=\"elementor-field-type-tel elementor-field-group elementor-column elementor-field-group-field_13b6034 elementor-col-100 elementor-field-required\">\n\t\t\t\t\t\t\t\t\t\t\t\t<label for=\"form-field-field_13b6034\" class=\"elementor-field-label\">\n\t\t\t\t\t\t\t\tPhone\t\t\t\t\t\t\t<\/label>\n\t\t\t\t\t\t\t\t<input size=\"1\" type=\"tel\" name=\"form_fields[field_13b6034]\" id=\"form-field-field_13b6034\" class=\"elementor-field elementor-size-sm  elementor-field-textual\" placeholder=\" Phone\" required=\"required\" pattern=\"[0-9()#&amp;+*-=.]+\" title=\"Only numbers and phone characters (#, -, *, etc) are accepted.\" data-no-translation-title=\"\">\n\n\t\t\t\t\t\t<\/div>\n\t\t\t\t\t\t\t\t<div class=\"elementor-field-type-text\">\n\t\t\t\t\t<input size=\"1\" type=\"text\" name=\"form_fields[field_047c1d8]\" id=\"form-field-field_047c1d8\" class=\"elementor-field elementor-size-sm\" style=\"display:none !important;\">\t\t\t\t<\/div>\n\t\t\t\t\t\t\t\t<div class=\"elementor-field-type-textarea elementor-field-group elementor-column elementor-field-group-message elementor-col-100 elementor-field-required\">\n\t\t\t\t\t\t\t\t\t\t\t\t<label for=\"form-field-message\" class=\"elementor-field-label\">\n\t\t\t\t\t\t\t\tMake an appointment\t\t\t\t\t\t\t<\/label>\n\t\t\t\t\t\t<textarea class=\"elementor-field-textual elementor-field  elementor-size-sm\" name=\"form_fields[message]\" id=\"form-field-message\" rows=\"4\" placeholder=\"How we can help?\" required=\"required\"><\/textarea>\t\t\t\t<\/div>\n\t\t\t\t\t\t\t\t<div class=\"elementor-field-type-acceptance elementor-field-group elementor-column elementor-field-group-field_2637a45 elementor-col-100 elementor-field-required\">\n\t\t\t\t\t\t\t<div class=\"elementor-field-subgroup\">\n\t\t\t<span class=\"elementor-field-option\">\n\t\t\t\t<input type=\"checkbox\" name=\"form_fields[field_2637a45]\" id=\"form-field-field_2637a45\" class=\"elementor-field elementor-size-sm  elementor-acceptance-field\" required=\"required\">\n\t\t\t\t<label for=\"form-field-field_2637a45\">I have read and accept the <a href=\"https:\/\/zibadental.es\/en\/politica-de-privacidad\/\" target=\"_blank\">Privacy Policy. <\/a><\/label>\t\t\t<\/span>\n\t\t<\/div>\n\t\t\t\t\t\t<\/div>\n\t\t\t\t\t\t\t\t<div class=\"elementor-field-type-recaptcha_v3 elementor-field-group elementor-column elementor-field-group-field_743b4ac elementor-col-100 recaptcha_v3-inline\">\n\t\t\t\t\t<div class=\"elementor-field\" id=\"form-field-field_743b4ac\"><div class=\"elementor-g-recaptcha\" data-sitekey=\"6LfQPigsAAAAAJ2xwwmKxTJQGYEYRTEXlhC0zaLn\" data-type=\"v3\" data-action=\"Form\" data-badge=\"inline\" data-size=\"invisible\"><\/div><\/div>\t\t\t\t<\/div>\n\t\t\t\t\t\t\t\t<div class=\"elementor-field-group elementor-column elementor-field-type-submit elementor-col-100 e-form__buttons\">\n\t\t\t\t\t<button class=\"elementor-button elementor-size-sm elementor-animation-grow\" type=\"submit\">\n\t\t\t\t\t\t<span class=\"elementor-button-content-wrapper\">\n\t\t\t\t\t\t\t\t\t\t\t\t\t\t\t\t\t\t\t\t\t\t<span class=\"elementor-button-text\">Submit<\/span>\n\t\t\t\t\t\t\t\t\t\t\t\t\t<\/span>\n\t\t\t\t\t<\/button>\n\t\t\t\t<\/div>\n\t\t\t<\/div>\n\t\t<input type=\"hidden\" name=\"trp-form-language\" value=\"en\"\/><\/form>\n\t\t\t\t\t\t<\/div>\n\t\t\t\t<\/div>\n\t\t\t\t\t<\/div>\n\t\t<\/div>\n\t\t\t\t\t<\/div>\n\t\t<\/section>\n\t\t\t\t<\/div>","protected":false},"excerpt":{"rendered":"<p>Prevenimos, evaluamos, diagnosticamos y tratamos alteraciones funcionales orofaciales La Terapia Miofuncional es una de las \u00e1reas de especializaci\u00f3n de la Logopedia y est\u00e1 orientada a la investigaci\u00f3n, prevenci\u00f3n, evaluaci\u00f3n, diagn\u00f3stico&hellip;<\/p>","protected":false},"author":1,"featured_media":0,"parent":0,"menu_order":0,"comment_status":"closed","ping_status":"closed","template":"","meta":{"_monsterinsights_skip_tracking":false,"_monsterinsights_sitenote_active":false,"_monsterinsights_sitenote_note":"","_monsterinsights_sitenote_category":0,"footnotes":""},"class_list":["post-22106","page","type-page","status-publish","hentry"],"yoast_head":"<!-- This site is optimized with the Yoast SEO plugin v26.5 - https:\/\/yoast.com\/wordpress\/plugins\/seo\/ -->\n<title>Logopedia - Zibadental<\/title>\n<meta name=\"description\" content=\"Tratamiento de logopedia para los m\u00e1s peque\u00f1os. En zibadental prevenimos y evaluamos los trastornos de la comunicaci\u00f3n desde temprana edad.\" \/>\n<meta name=\"robots\" content=\"index, follow, max-snippet:-1, max-image-preview:large, max-video-preview:-1\" \/>\n<link rel=\"canonical\" href=\"https:\/\/zibadental.es\/en\/logopedia\/\" \/>\n<meta property=\"og:locale\" content=\"en_GB\" \/>\n<meta property=\"og:type\" content=\"article\" \/>\n<meta property=\"og:title\" content=\"Logopedia - Zibadental\" \/>\n<meta property=\"og:description\" content=\"Tratamiento de logopedia para los m\u00e1s peque\u00f1os. En zibadental prevenimos y evaluamos los trastornos de la comunicaci\u00f3n desde temprana edad.\" \/>\n<meta property=\"og:url\" content=\"https:\/\/zibadental.es\/en\/logopedia\/\" \/>\n<meta property=\"og:site_name\" content=\"Zibadental\" \/>\n<meta property=\"article:publisher\" content=\"https:\/\/www.facebook.com\/p\/ZIBA-DENTAL-100076455400852\/\" \/>\n<meta property=\"article:modified_time\" content=\"2023-06-23T07:44:47+00:00\" \/>\n<meta property=\"og:image\" content=\"https:\/\/zibadental.es\/wp-content\/uploads\/2022\/07\/DSCN8253-768x1024.jpg\" \/>\n<meta name=\"twitter:card\" content=\"summary_large_image\" \/>\n<meta name=\"twitter:label1\" content=\"Estimated reading time\" \/>\n\t<meta name=\"twitter:data1\" content=\"1 minute\" \/>\n<script type=\"application\/ld+json\" class=\"yoast-schema-graph\">{\"@context\":\"https:\/\/schema.org\",\"@graph\":[{\"@type\":\"WebPage\",\"@id\":\"https:\/\/zibadental.es\/logopedia\/\",\"url\":\"https:\/\/zibadental.es\/logopedia\/\",\"name\":\"Logopedia - Zibadental\",\"isPartOf\":{\"@id\":\"https:\/\/zibadental.es\/#website\"},\"primaryImageOfPage\":{\"@id\":\"https:\/\/zibadental.es\/logopedia\/#primaryimage\"},\"image\":{\"@id\":\"https:\/\/zibadental.es\/logopedia\/#primaryimage\"},\"thumbnailUrl\":\"https:\/\/zibadental.es\/wp-content\/uploads\/2022\/07\/DSCN8253-768x1024.jpg\",\"datePublished\":\"2022-06-14T09:11:27+00:00\",\"dateModified\":\"2023-06-23T07:44:47+00:00\",\"description\":\"Tratamiento de logopedia para los m\u00e1s peque\u00f1os. En zibadental prevenimos y evaluamos los trastornos de la comunicaci\u00f3n desde temprana edad.\",\"breadcrumb\":{\"@id\":\"https:\/\/zibadental.es\/logopedia\/#breadcrumb\"},\"inLanguage\":\"en-GB\",\"potentialAction\":[{\"@type\":\"ReadAction\",\"target\":[\"https:\/\/zibadental.es\/logopedia\/\"]}]},{\"@type\":\"ImageObject\",\"inLanguage\":\"en-GB\",\"@id\":\"https:\/\/zibadental.es\/logopedia\/#primaryimage\",\"url\":\"https:\/\/zibadental.es\/wp-content\/uploads\/2022\/07\/DSCN8253-768x1024.jpg\",\"contentUrl\":\"https:\/\/zibadental.es\/wp-content\/uploads\/2022\/07\/DSCN8253-768x1024.jpg\"},{\"@type\":\"BreadcrumbList\",\"@id\":\"https:\/\/zibadental.es\/logopedia\/#breadcrumb\",\"itemListElement\":[{\"@type\":\"ListItem\",\"position\":1,\"name\":\"Portada\",\"item\":\"https:\/\/zibadental.es\/\"},{\"@type\":\"ListItem\",\"position\":2,\"name\":\"Logopedia\"}]},{\"@type\":\"WebSite\",\"@id\":\"https:\/\/zibadental.es\/#website\",\"url\":\"https:\/\/zibadental.es\/\",\"name\":\"Zibadental\",\"description\":\"Nos encargamos de proporcionarte una sonrisa perfecta\",\"publisher\":{\"@id\":\"https:\/\/zibadental.es\/#organization\"},\"potentialAction\":[{\"@type\":\"SearchAction\",\"target\":{\"@type\":\"EntryPoint\",\"urlTemplate\":\"https:\/\/zibadental.es\/?s={search_term_string}\"},\"query-input\":{\"@type\":\"PropertyValueSpecification\",\"valueRequired\":true,\"valueName\":\"search_term_string\"}}],\"inLanguage\":\"en-GB\"},{\"@type\":\"Organization\",\"@id\":\"https:\/\/zibadental.es\/#organization\",\"name\":\"Zibadental\",\"url\":\"https:\/\/zibadental.es\/\",\"logo\":{\"@type\":\"ImageObject\",\"inLanguage\":\"en-GB\",\"@id\":\"https:\/\/zibadental.es\/#\/schema\/logo\/image\/\",\"url\":\"https:\/\/zibadental.es\/wp-content\/uploads\/2022\/06\/cropped-Logotipo-Zibadental.jpg\",\"contentUrl\":\"https:\/\/zibadental.es\/wp-content\/uploads\/2022\/06\/cropped-Logotipo-Zibadental.jpg\",\"width\":1200,\"height\":288,\"caption\":\"Zibadental\"},\"image\":{\"@id\":\"https:\/\/zibadental.es\/#\/schema\/logo\/image\/\"},\"sameAs\":[\"https:\/\/www.facebook.com\/p\/ZIBA-DENTAL-100076455400852\/\",\"https:\/\/www.instagram.com\/zibadental_zenia\/\"]}]}<\/script>\n<!-- \/ Yoast SEO plugin. -->","yoast_head_json":{"title":"Logopedia - Zibadental","description":"Tratamiento de logopedia para los m\u00e1s peque\u00f1os. En zibadental prevenimos y evaluamos los trastornos de la comunicaci\u00f3n desde temprana edad.","robots":{"index":"index","follow":"follow","max-snippet":"max-snippet:-1","max-image-preview":"max-image-preview:large","max-video-preview":"max-video-preview:-1"},"canonical":"https:\/\/zibadental.es\/en\/logopedia\/","og_locale":"en_GB","og_type":"article","og_title":"Logopedia - Zibadental","og_description":"Tratamiento de logopedia para los m\u00e1s peque\u00f1os. En zibadental prevenimos y evaluamos los trastornos de la comunicaci\u00f3n desde temprana edad.","og_url":"https:\/\/zibadental.es\/en\/logopedia\/","og_site_name":"Zibadental","article_publisher":"https:\/\/www.facebook.com\/p\/ZIBA-DENTAL-100076455400852\/","article_modified_time":"2023-06-23T07:44:47+00:00","og_image":[{"url":"https:\/\/zibadental.es\/wp-content\/uploads\/2022\/07\/DSCN8253-768x1024.jpg","type":"","width":"","height":""}],"twitter_card":"summary_large_image","twitter_misc":{"Estimated reading time":"1 minute"},"schema":{"@context":"https:\/\/schema.org","@graph":[{"@type":"WebPage","@id":"https:\/\/zibadental.es\/logopedia\/","url":"https:\/\/zibadental.es\/logopedia\/","name":"Logopedia - Zibadental","isPartOf":{"@id":"https:\/\/zibadental.es\/#website"},"primaryImageOfPage":{"@id":"https:\/\/zibadental.es\/logopedia\/#primaryimage"},"image":{"@id":"https:\/\/zibadental.es\/logopedia\/#primaryimage"},"thumbnailUrl":"https:\/\/zibadental.es\/wp-content\/uploads\/2022\/07\/DSCN8253-768x1024.jpg","datePublished":"2022-06-14T09:11:27+00:00","dateModified":"2023-06-23T07:44:47+00:00","description":"Tratamiento de logopedia para los m\u00e1s peque\u00f1os. En zibadental prevenimos y evaluamos los trastornos de la comunicaci\u00f3n desde temprana edad.","breadcrumb":{"@id":"https:\/\/zibadental.es\/logopedia\/#breadcrumb"},"inLanguage":"en-GB","potentialAction":[{"@type":"ReadAction","target":["https:\/\/zibadental.es\/logopedia\/"]}]},{"@type":"ImageObject","inLanguage":"en-GB","@id":"https:\/\/zibadental.es\/logopedia\/#primaryimage","url":"https:\/\/zibadental.es\/wp-content\/uploads\/2022\/07\/DSCN8253-768x1024.jpg","contentUrl":"https:\/\/zibadental.es\/wp-content\/uploads\/2022\/07\/DSCN8253-768x1024.jpg"},{"@type":"BreadcrumbList","@id":"https:\/\/zibadental.es\/logopedia\/#breadcrumb","itemListElement":[{"@type":"ListItem","position":1,"name":"Portada","item":"https:\/\/zibadental.es\/"},{"@type":"ListItem","position":2,"name":"Logopedia"}]},{"@type":"WebSite","@id":"https:\/\/zibadental.es\/#website","url":"https:\/\/zibadental.es\/","name":"Zibadental","description":"Nos encargamos de proporcionarte una sonrisa perfecta","publisher":{"@id":"https:\/\/zibadental.es\/#organization"},"potentialAction":[{"@type":"SearchAction","target":{"@type":"EntryPoint","urlTemplate":"https:\/\/zibadental.es\/?s={search_term_string}"},"query-input":{"@type":"PropertyValueSpecification","valueRequired":true,"valueName":"search_term_string"}}],"inLanguage":"en-GB"},{"@type":"Organization","@id":"https:\/\/zibadental.es\/#organization","name":"Zibadental","url":"https:\/\/zibadental.es\/","logo":{"@type":"ImageObject","inLanguage":"en-GB","@id":"https:\/\/zibadental.es\/#\/schema\/logo\/image\/","url":"https:\/\/zibadental.es\/wp-content\/uploads\/2022\/06\/cropped-Logotipo-Zibadental.jpg","contentUrl":"https:\/\/zibadental.es\/wp-content\/uploads\/2022\/06\/cropped-Logotipo-Zibadental.jpg","width":1200,"height":288,"caption":"Zibadental"},"image":{"@id":"https:\/\/zibadental.es\/#\/schema\/logo\/image\/"},"sameAs":["https:\/\/www.facebook.com\/p\/ZIBA-DENTAL-100076455400852\/","https:\/\/www.instagram.com\/zibadental_zenia\/"]}]}},"_links":{"self":[{"href":"https:\/\/zibadental.es\/en\/wp-json\/wp\/v2\/pages\/22106","targetHints":{"allow":["GET"]}}],"collection":[{"href":"https:\/\/zibadental.es\/en\/wp-json\/wp\/v2\/pages"}],"about":[{"href":"https:\/\/zibadental.es\/en\/wp-json\/wp\/v2\/types\/page"}],"author":[{"embeddable":true,"href":"https:\/\/zibadental.es\/en\/wp-json\/wp\/v2\/users\/1"}],"replies":[{"embeddable":true,"href":"https:\/\/zibadental.es\/en\/wp-json\/wp\/v2\/comments?post=22106"}],"version-history":[{"count":44,"href":"https:\/\/zibadental.es\/en\/wp-json\/wp\/v2\/pages\/22106\/revisions"}],"predecessor-version":[{"id":24717,"href":"https:\/\/zibadental.es\/en\/wp-json\/wp\/v2\/pages\/22106\/revisions\/24717"}],"wp:attachment":[{"href":"https:\/\/zibadental.es\/en\/wp-json\/wp\/v2\/media?parent=22106"}],"curies":[{"name":"wp","href":"https:\/\/api.w.org\/{rel}","templated":true}]}}